{"id":16,"date":"2024-03-12T10:14:54","date_gmt":"2024-03-12T10:14:54","guid":{"rendered":"https:\/\/lesplainesenprovence.com\/?page_id=16"},"modified":"2024-03-21T12:28:58","modified_gmt":"2024-03-21T12:28:58","slug":"villa-mistral","status":"publish","type":"page","link":"https:\/\/lesplainesenprovence.com\/en\/villa-mistral","title":{"rendered":"Villa Mistral"},"content":{"rendered":"","protected":false},"excerpt":{"rendered":"","protected":false},"author":2,"featured_media":920,"parent":0,"menu_order":0,"comment_status":"closed","ping_status":"closed","template":"","meta":{"_monsterinsights_skip_tracking":false,"_monsterinsights_sitenote_active":false,"_monsterinsights_sitenote_note":"","_monsterinsights_sitenote_category":0,"footnotes":""},"class_list":["post-16","page","type-page","status-publish","has-post-thumbnail","czr-hentry"],"yoast_head":"<!-- This site is optimized with the Yoast SEO plugin v27.3 - https:\/\/yoast.com\/product\/yoast-seo-wordpress\/ -->\n<title>Villa Mistral - Villa location en saisonni\u00e8re \u00e0 2 pas de Saint-R\u00e9my<\/title>\n<meta name=\"description\" content=\"Villa en location saisonni\u00e8re \u00e0 2 pas de Saint-R\u00e9my de Provence - Villas Les Plaines en Provence - Location de Villas tout confort\" \/>\n<meta name=\"robots\" content=\"index, follow, max-snippet:-1, max-image-preview:large, max-video-preview:-1\" \/>\n<link rel=\"canonical\" href=\"https:\/\/lesplainesenprovence.com\/en\/villa-mistral\/\" \/>\n<meta property=\"og:locale\" content=\"en_GB\" \/>\n<meta property=\"og:type\" content=\"article\" \/>\n<meta property=\"og:title\" content=\"Villa Mistral - Villa location en saisonni\u00e8re \u00e0 2 pas de Saint-R\u00e9my\" \/>\n<meta property=\"og:description\" content=\"Villa en location saisonni\u00e8re \u00e0 2 pas de Saint-R\u00e9my de Provence - Villas Les Plaines en Provence - Location de Villas tout confort\" \/>\n<meta property=\"og:url\" content=\"https:\/\/lesplainesenprovence.com\/en\/villa-mistral\/\" \/>\n<meta property=\"og:site_name\" content=\"Villas Les Plaines en Provence\" \/>\n<meta property=\"article:modified_time\" content=\"2024-03-21T12:28:58+00:00\" \/>\n<meta property=\"og:image\" content=\"https:\/\/lesplainesenprovence.com\/wp-content\/uploads\/2024\/03\/Villa-1-ok-665.jpg\" \/>\n\t<meta property=\"og:image:width\" content=\"1920\" \/>\n\t<meta property=\"og:image:height\" content=\"1440\" \/>\n\t<meta property=\"og:image:type\" content=\"image\/jpeg\" \/>\n<meta name=\"twitter:card\" content=\"summary_large_image\" \/>\n<meta name=\"twitter:label1\" content=\"Estimated reading time\" \/>\n\t<meta name=\"twitter:data1\" content=\"10 minutes\" \/>\n<script type=\"application\/ld+json\" class=\"yoast-schema-graph\">{\"@context\":\"https:\\\/\\\/schema.org\",\"@graph\":[{\"@type\":[\"WebPage\",\"SearchResultsPage\"],\"@id\":\"https:\\\/\\\/lesplainesenprovence.com\\\/villa-mistral\",\"url\":\"https:\\\/\\\/lesplainesenprovence.com\\\/villa-mistral\",\"name\":\"Villa Mistral - Villa location en saisonni\u00e8re \u00e0 2 pas de Saint-R\u00e9my\",\"isPartOf\":{\"@id\":\"https:\\\/\\\/lesplainesenprovence.com\\\/#website\"},\"primaryImageOfPage\":{\"@id\":\"https:\\\/\\\/lesplainesenprovence.com\\\/villa-mistral#primaryimage\"},\"image\":{\"@id\":\"https:\\\/\\\/lesplainesenprovence.com\\\/villa-mistral#primaryimage\"},\"thumbnailUrl\":\"https:\\\/\\\/lesplainesenprovence.com\\\/wp-content\\\/uploads\\\/2024\\\/03\\\/Villa-1-ok-665.jpg\",\"datePublished\":\"2024-03-12T10:14:54+00:00\",\"dateModified\":\"2024-03-21T12:28:58+00:00\",\"description\":\"Villa en location saisonni\u00e8re \u00e0 2 pas de Saint-R\u00e9my de Provence - Villas Les Plaines en Provence - Location de Villas tout confort\",\"breadcrumb\":{\"@id\":\"https:\\\/\\\/lesplainesenprovence.com\\\/villa-mistral#breadcrumb\"},\"inLanguage\":\"en-GB\",\"potentialAction\":[{\"@type\":\"ReadAction\",\"target\":[\"https:\\\/\\\/lesplainesenprovence.com\\\/villa-mistral\"]}]},{\"@type\":\"ImageObject\",\"inLanguage\":\"en-GB\",\"@id\":\"https:\\\/\\\/lesplainesenprovence.com\\\/villa-mistral#primaryimage\",\"url\":\"https:\\\/\\\/lesplainesenprovence.com\\\/wp-content\\\/uploads\\\/2024\\\/03\\\/Villa-1-ok-665.jpg\",\"contentUrl\":\"https:\\\/\\\/lesplainesenprovence.com\\\/wp-content\\\/uploads\\\/2024\\\/03\\\/Villa-1-ok-665.jpg\",\"width\":1920,\"height\":1440},{\"@type\":\"BreadcrumbList\",\"@id\":\"https:\\\/\\\/lesplainesenprovence.com\\\/villa-mistral#breadcrumb\",\"itemListElement\":[{\"@type\":\"ListItem\",\"position\":1,\"name\":\"Accueil\",\"item\":\"https:\\\/\\\/lesplainesenprovence.com\\\/\"},{\"@type\":\"ListItem\",\"position\":2,\"name\":\"Villa Mistral\"}]},{\"@type\":\"WebSite\",\"@id\":\"https:\\\/\\\/lesplainesenprovence.com\\\/#website\",\"url\":\"https:\\\/\\\/lesplainesenprovence.com\\\/\",\"name\":\"Villas Les Plaines en Provence\",\"description\":\"Villas en locations saisonni\u00e8res dans les Alpilles\",\"publisher\":{\"@id\":\"https:\\\/\\\/lesplainesenprovence.com\\\/#organization\"},\"potentialAction\":[{\"@type\":\"SearchAction\",\"target\":{\"@type\":\"EntryPoint\",\"urlTemplate\":\"https:\\\/\\\/lesplainesenprovence.com\\\/?s={search_term_string}\"},\"query-input\":{\"@type\":\"PropertyValueSpecification\",\"valueRequired\":true,\"valueName\":\"search_term_string\"}}],\"inLanguage\":\"en-GB\"},{\"@type\":\"Organization\",\"@id\":\"https:\\\/\\\/lesplainesenprovence.com\\\/#organization\",\"name\":\"Villas Les Plaines en Provence\",\"url\":\"https:\\\/\\\/lesplainesenprovence.com\\\/\",\"logo\":{\"@type\":\"ImageObject\",\"inLanguage\":\"en-GB\",\"@id\":\"https:\\\/\\\/lesplainesenprovence.com\\\/#\\\/schema\\\/logo\\\/image\\\/\",\"url\":\"https:\\\/\\\/lesplainesenprovence.com\\\/wp-content\\\/uploads\\\/2024\\\/03\\\/cropped-Logo-Les-Plaines-en-Provence.png\",\"contentUrl\":\"https:\\\/\\\/lesplainesenprovence.com\\\/wp-content\\\/uploads\\\/2024\\\/03\\\/cropped-Logo-Les-Plaines-en-Provence.png\",\"width\":1535,\"height\":1512,\"caption\":\"Villas Les Plaines en Provence\"},\"image\":{\"@id\":\"https:\\\/\\\/lesplainesenprovence.com\\\/#\\\/schema\\\/logo\\\/image\\\/\"}}]}<\/script>\n<!-- \/ Yoast SEO plugin. -->","yoast_head_json":{"title":"Villa Mistral - Seasonal rental villa 2 minutes from Saint-R\u00e9my","description":"Seasonal rental villa at 2 steps from Saint-R\u00e9my de Provence - Villas Les Plaines en Provence - Villas for rent with all comforts","robots":{"index":"index","follow":"follow","max-snippet":"max-snippet:-1","max-image-preview":"max-image-preview:large","max-video-preview":"max-video-preview:-1"},"canonical":"https:\/\/lesplainesenprovence.com\/en\/villa-mistral\/","og_locale":"en_GB","og_type":"article","og_title":"Villa Mistral - Villa location en saisonni\u00e8re \u00e0 2 pas de Saint-R\u00e9my","og_description":"Villa en location saisonni\u00e8re \u00e0 2 pas de Saint-R\u00e9my de Provence - Villas Les Plaines en Provence - Location de Villas tout confort","og_url":"https:\/\/lesplainesenprovence.com\/en\/villa-mistral\/","og_site_name":"Villas Les Plaines en Provence","article_modified_time":"2024-03-21T12:28:58+00:00","og_image":[{"width":1920,"height":1440,"url":"https:\/\/lesplainesenprovence.com\/wp-content\/uploads\/2024\/03\/Villa-1-ok-665.jpg","type":"image\/jpeg"}],"twitter_card":"summary_large_image","twitter_misc":{"Estimated reading time":"10 minutes"},"schema":{"@context":"https:\/\/schema.org","@graph":[{"@type":["WebPage","SearchResultsPage"],"@id":"https:\/\/lesplainesenprovence.com\/villa-mistral","url":"https:\/\/lesplainesenprovence.com\/villa-mistral","name":"Villa Mistral - Seasonal rental villa 2 minutes from Saint-R\u00e9my","isPartOf":{"@id":"https:\/\/lesplainesenprovence.com\/#website"},"primaryImageOfPage":{"@id":"https:\/\/lesplainesenprovence.com\/villa-mistral#primaryimage"},"image":{"@id":"https:\/\/lesplainesenprovence.com\/villa-mistral#primaryimage"},"thumbnailUrl":"https:\/\/lesplainesenprovence.com\/wp-content\/uploads\/2024\/03\/Villa-1-ok-665.jpg","datePublished":"2024-03-12T10:14:54+00:00","dateModified":"2024-03-21T12:28:58+00:00","description":"Seasonal rental villa at 2 steps from Saint-R\u00e9my de Provence - Villas Les Plaines en Provence - Villas for rent with all comforts","breadcrumb":{"@id":"https:\/\/lesplainesenprovence.com\/villa-mistral#breadcrumb"},"inLanguage":"en-GB","potentialAction":[{"@type":"ReadAction","target":["https:\/\/lesplainesenprovence.com\/villa-mistral"]}]},{"@type":"ImageObject","inLanguage":"en-GB","@id":"https:\/\/lesplainesenprovence.com\/villa-mistral#primaryimage","url":"https:\/\/lesplainesenprovence.com\/wp-content\/uploads\/2024\/03\/Villa-1-ok-665.jpg","contentUrl":"https:\/\/lesplainesenprovence.com\/wp-content\/uploads\/2024\/03\/Villa-1-ok-665.jpg","width":1920,"height":1440},{"@type":"BreadcrumbList","@id":"https:\/\/lesplainesenprovence.com\/villa-mistral#breadcrumb","itemListElement":[{"@type":"ListItem","position":1,"name":"Accueil","item":"https:\/\/lesplainesenprovence.com\/"},{"@type":"ListItem","position":2,"name":"Villa Mistral"}]},{"@type":"WebSite","@id":"https:\/\/lesplainesenprovence.com\/#website","url":"https:\/\/lesplainesenprovence.com\/","name":"Villas Les Plaines en Provence","description":"Villas for holiday rental in the Alpilles","publisher":{"@id":"https:\/\/lesplainesenprovence.com\/#organization"},"potentialAction":[{"@type":"SearchAction","target":{"@type":"EntryPoint","urlTemplate":"https:\/\/lesplainesenprovence.com\/?s={search_term_string}"},"query-input":{"@type":"PropertyValueSpecification","valueRequired":true,"valueName":"search_term_string"}}],"inLanguage":"en-GB"},{"@type":"Organization","@id":"https:\/\/lesplainesenprovence.com\/#organization","name":"Villas Les Plaines en Provence","url":"https:\/\/lesplainesenprovence.com\/","logo":{"@type":"ImageObject","inLanguage":"en-GB","@id":"https:\/\/lesplainesenprovence.com\/#\/schema\/logo\/image\/","url":"https:\/\/lesplainesenprovence.com\/wp-content\/uploads\/2024\/03\/cropped-Logo-Les-Plaines-en-Provence.png","contentUrl":"https:\/\/lesplainesenprovence.com\/wp-content\/uploads\/2024\/03\/cropped-Logo-Les-Plaines-en-Provence.png","width":1535,"height":1512,"caption":"Villas Les Plaines en Provence"},"image":{"@id":"https:\/\/lesplainesenprovence.com\/#\/schema\/logo\/image\/"}}]}},"_links":{"self":[{"href":"https:\/\/lesplainesenprovence.com\/en\/wp-json\/wp\/v2\/pages\/16","targetHints":{"allow":["GET"]}}],"collection":[{"href":"https:\/\/lesplainesenprovence.com\/en\/wp-json\/wp\/v2\/pages"}],"about":[{"href":"https:\/\/lesplainesenprovence.com\/en\/wp-json\/wp\/v2\/types\/page"}],"author":[{"embeddable":true,"href":"https:\/\/lesplainesenprovence.com\/en\/wp-json\/wp\/v2\/users\/2"}],"replies":[{"embeddable":true,"href":"https:\/\/lesplainesenprovence.com\/en\/wp-json\/wp\/v2\/comments?post=16"}],"version-history":[{"count":3,"href":"https:\/\/lesplainesenprovence.com\/en\/wp-json\/wp\/v2\/pages\/16\/revisions"}],"predecessor-version":[{"id":1048,"href":"https:\/\/lesplainesenprovence.com\/en\/wp-json\/wp\/v2\/pages\/16\/revisions\/1048"}],"wp:featuredmedia":[{"embeddable":true,"href":"https:\/\/lesplainesenprovence.com\/en\/wp-json\/wp\/v2\/media\/920"}],"wp:attachment":[{"href":"https:\/\/lesplainesenprovence.com\/en\/wp-json\/wp\/v2\/media?parent=16"}],"curies":[{"name":"wp","href":"https:\/\/api.w.org\/{rel}","templated":true}]}}